{"id":76,"date":"2016-09-15T10:18:31","date_gmt":"2016-09-15T08:18:31","guid":{"rendered":"https:\/\/www.evolaris.net\/?page_id=76"},"modified":"2020-03-26T11:12:21","modified_gmt":"2020-03-26T09:12:21","slug":"ecg-info","status":"publish","type":"page","link":"https:\/\/www.evolaris.net\/de\/impressum\/ecg-info\/","title":{"rendered":"ECG-Info"},"content":{"rendered":"<h2>ECG-Info<\/h2>\n<h3>evolaris next level GmbH<\/h3>\n<p>Hugo-Wolf-Gasse 8\/8a<br \/>\n A-8010 Graz<\/p>\n<p>Phone: +43 316-35 11 11-111<br \/>\n Fax: +43 316-35 11 11-200<br \/>\n E-Mail: <a href=\"mailto:office@evolaris.net\">office@evolaris.net<\/a><\/p>\n<p><strong>Handelsregister<\/strong><br class=\"none\" \/><br \/>\n Firmensitz: Graz, FN 220848B<br \/>\n FB-Gericht: LG f\u00fcr ZRS Graz<br \/>\n UID-Nr.: ATU65330448<br \/>\n Gerichtsstand: Handelsgericht Graz<br \/>\n DVR: 4011450<\/p>\n<p><strong>Gesch\u00e4ftsf\u00fchrung<\/strong><br \/>\n DI Dr. Christian Kittl<\/p>\n","protected":false},"excerpt":{"rendered":"<p>ECG-Info evolaris next level GmbH Hugo-Wolf-Gasse 8\/8a A-8010 Graz Phone: +43 316-35 11 11-111 Fax: +43 316-35 11 11-200 E-Mail: office@evolaris.net Handelsregister Firmensitz: Graz, FN 220848B FB-Gericht: LG f\u00fcr ZRS Graz UID-Nr.: ATU65330448 Gerichtsstand: Handelsgericht Graz DVR: 4011450 Gesch\u00e4ftsf\u00fchrung DI Dr. Christian Kittl<\/p>\n","protected":false},"author":2,"featured_media":0,"parent":74,"menu_order":0,"comment_status":"closed","ping_status":"closed","template":"page-text.php","meta":{"ngg_post_thumbnail":0},"_links":{"self":[{"href":"https:\/\/www.evolaris.net\/de\/wp-json\/wp\/v2\/pages\/76"}],"collection":[{"href":"https:\/\/www.evolaris.net\/de\/wp-json\/wp\/v2\/pages"}],"about":[{"href":"https:\/\/www.evolaris.net\/de\/wp-json\/wp\/v2\/types\/page"}],"author":[{"embeddable":true,"href":"https:\/\/www.evolaris.net\/de\/wp-json\/wp\/v2\/users\/2"}],"replies":[{"embeddable":true,"href":"https:\/\/www.evolaris.net\/de\/wp-json\/wp\/v2\/comments?post=76"}],"version-history":[{"count":3,"href":"https:\/\/www.evolaris.net\/de\/wp-json\/wp\/v2\/pages\/76\/revisions"}],"predecessor-version":[{"id":1665,"href":"https:\/\/www.evolaris.net\/de\/wp-json\/wp\/v2\/pages\/76\/revisions\/1665"}],"up":[{"embeddable":true,"href":"https:\/\/www.evolaris.net\/de\/wp-json\/wp\/v2\/pages\/74"}],"wp:attachment":[{"href":"https:\/\/www.evolaris.net\/de\/wp-json\/wp\/v2\/media?parent=76"}],"curies":[{"name":"wp","href":"https:\/\/api.w.org\/{rel}","templated":true}]}}