{"id":1120,"date":"2017-04-20T11:06:56","date_gmt":"2017-04-20T09:06:56","guid":{"rendered":"https:\/\/www.evolaris.net\/evocall-und-hmt-1\/"},"modified":"2017-04-20T11:06:56","modified_gmt":"2017-04-20T09:06:56","slug":"evocall-und-hmt-1","status":"publish","type":"page","link":"https:\/\/www.evolaris.net\/de\/evocall-und-hmt-1\/","title":{"rendered":"EVOCALL und HMT-1"},"content":{"rendered":"<!-- index.php -->\n<div\n\tclass=\"ngg-galleryoverview ngg-ajax-pagination-none\"\n\tid=\"ngg-gallery-72b59f742a0c569c560cf220fa15c0de-1\">\n\n    \t<div class=\"slideshowlink\">\n        <a href='https:\/\/www.evolaris.net\/de\/evocall-und-hmt-1\/nggallery\/slideshow'>[Show slideshow]<\/a>\n\t\t\n\t<\/div>\n\t\t\t<!-- Thumbnails -->\n\t\t\t\t<div id=\"ngg-image-0\" class=\"ngg-gallery-thumbnail-box\" >\n\t\t\t\t        <div class=\"ngg-gallery-thumbnail\">\n            <a href=\"https:\/\/www.evolaris.net\/wp-content\/gallery\/evocall-und-hmt-1\/HMT1_1.jpg\"\n               title=\"Mobilen Arbeitern alles geben, damit sie ihren Job pr\u00e4zise, sicher und ungef\u00e4hrdet erledigen k\u00f6nnen. @Barcotec\"\n               data-src=\"https:\/\/www.evolaris.net\/wp-content\/gallery\/evocall-und-hmt-1\/HMT1_1.jpg\"\n               data-thumbnail=\"https:\/\/www.evolaris.net\/wp-content\/gallery\/evocall-und-hmt-1\/thumbs\/thumbs_HMT1_1.jpg\"\n               data-image-id=\"27\"\n               data-title=\"HMT-1 \u00a9 Barcotec\"\n               data-description=\"Mobilen Arbeitern alles geben, damit sie ihren Job pr\u00e4zise, sicher und ungef\u00e4hrdet erledigen k\u00f6nnen. @Barcotec\"\n               data-image-slug=\"hmt1_1\"\n               class=\"ngg-fancybox\" rel=\"72b59f742a0c569c560cf220fa15c0de\">\n                <img\n                    title=\"HMT-1 \u00a9 Barcotec\"\n                    alt=\"HMT-1 \u00a9 Barcotec\"\n                    src=\"https:\/\/www.evolaris.net\/wp-content\/gallery\/evocall-und-hmt-1\/thumbs\/thumbs_HMT1_1.jpg\"\n                    width=\"240\"\n                    height=\"160\"\n                    style=\"max-width:100%;\"\n                \/>\n            <\/a>\n        <\/div>\n\t\t\t\t\t\t\t<\/div> \n\t\t\t\n        \n\t\t\t\t<div id=\"ngg-image-1\" class=\"ngg-gallery-thumbnail-box\" >\n\t\t\t\t        <div class=\"ngg-gallery-thumbnail\">\n            <a href=\"https:\/\/www.evolaris.net\/wp-content\/gallery\/evocall-und-hmt-1\/HMT1_2.jpg\"\n               title=\"Die Hardware eignet sich perfekt f\u00fcr den Einsatz in rauen und lauten Umgebungen. @Barcotec\"\n               data-src=\"https:\/\/www.evolaris.net\/wp-content\/gallery\/evocall-und-hmt-1\/HMT1_2.jpg\"\n               data-thumbnail=\"https:\/\/www.evolaris.net\/wp-content\/gallery\/evocall-und-hmt-1\/thumbs\/thumbs_HMT1_2.jpg\"\n               data-image-id=\"28\"\n               data-title=\"HMT-1 \u00a9 Barcotec\"\n               data-description=\"Die Hardware eignet sich perfekt f\u00fcr den Einsatz in rauen und lauten Umgebungen. @Barcotec\"\n               data-image-slug=\"hmt1_2\"\n               class=\"ngg-fancybox\" rel=\"72b59f742a0c569c560cf220fa15c0de\">\n                <img\n                    title=\"HMT-1 \u00a9 Barcotec\"\n                    alt=\"HMT-1 \u00a9 Barcotec\"\n                    src=\"https:\/\/www.evolaris.net\/wp-content\/gallery\/evocall-und-hmt-1\/thumbs\/thumbs_HMT1_2.jpg\"\n                    width=\"240\"\n                    height=\"160\"\n                    style=\"max-width:100%;\"\n                \/>\n            <\/a>\n        <\/div>\n\t\t\t\t\t\t\t<\/div> \n\t\t\t\n        \n\t\t\t\t<div id=\"ngg-image-2\" class=\"ngg-gallery-thumbnail-box\" >\n\t\t\t\t        <div class=\"ngg-gallery-thumbnail\">\n            <a href=\"https:\/\/www.evolaris.net\/wp-content\/gallery\/evocall-und-hmt-1\/EVOCALL-Mobile2.png\"\n               title=\"Die Videoassistenzl\u00f6sung kann mittels Smartphone, Tablet oder Datenbrille verwendet werden.\"\n               data-src=\"https:\/\/www.evolaris.net\/wp-content\/gallery\/evocall-und-hmt-1\/EVOCALL-Mobile2.png\"\n               data-thumbnail=\"https:\/\/www.evolaris.net\/wp-content\/gallery\/evocall-und-hmt-1\/thumbs\/thumbs_EVOCALL-Mobile2.png\"\n               data-image-id=\"29\"\n               data-title=\"EVOCALL Mobile\"\n               data-description=\"Die Videoassistenzl\u00f6sung kann mittels Smartphone, Tablet oder Datenbrille verwendet werden.\"\n               data-image-slug=\"evocall-mobile2\"\n               class=\"ngg-fancybox\" rel=\"72b59f742a0c569c560cf220fa15c0de\">\n                <img\n                    title=\"EVOCALL Mobile\"\n                    alt=\"EVOCALL Mobile\"\n                    src=\"https:\/\/www.evolaris.net\/wp-content\/gallery\/evocall-und-hmt-1\/thumbs\/thumbs_EVOCALL-Mobile2.png\"\n                    width=\"240\"\n                    height=\"160\"\n                    style=\"max-width:100%;\"\n                \/>\n            <\/a>\n        <\/div>\n\t\t\t\t\t\t\t<\/div> \n\t\t\t\n        \n\t\t\t\t<div id=\"ngg-image-3\" class=\"ngg-gallery-thumbnail-box\" >\n\t\t\t\t        <div class=\"ngg-gallery-thumbnail\">\n            <a href=\"https:\/\/www.evolaris.net\/wp-content\/gallery\/evocall-und-hmt-1\/EVOCALL-Titelbild-2.jpg\"\n               title=\"Live-Support f\u00fcr mehr Effizienz\"\n               data-src=\"https:\/\/www.evolaris.net\/wp-content\/gallery\/evocall-und-hmt-1\/EVOCALL-Titelbild-2.jpg\"\n               data-thumbnail=\"https:\/\/www.evolaris.net\/wp-content\/gallery\/evocall-und-hmt-1\/thumbs\/thumbs_EVOCALL-Titelbild-2.jpg\"\n               data-image-id=\"30\"\n               data-title=\"EVOCALL: Live Support f\u00fcr mehr Effizienz\"\n               data-description=\"Live-Support f\u00fcr mehr Effizienz\"\n               data-image-slug=\"evocall-titelbild-2\"\n               class=\"ngg-fancybox\" rel=\"72b59f742a0c569c560cf220fa15c0de\">\n                <img\n                    title=\"EVOCALL: Live Support f\u00fcr mehr Effizienz\"\n                    alt=\"EVOCALL: Live Support f\u00fcr mehr Effizienz\"\n                    src=\"https:\/\/www.evolaris.net\/wp-content\/gallery\/evocall-und-hmt-1\/thumbs\/thumbs_EVOCALL-Titelbild-2.jpg\"\n                    width=\"240\"\n                    height=\"160\"\n                    style=\"max-width:100%;\"\n                \/>\n            <\/a>\n        <\/div>\n\t\t\t\t\t\t\t<\/div> \n\t\t\t\n        \n\t\t\t\t<div id=\"ngg-image-4\" class=\"ngg-gallery-thumbnail-box\" >\n\t\t\t\t        <div class=\"ngg-gallery-thumbnail\">\n            <a href=\"https:\/\/www.evolaris.net\/wp-content\/gallery\/evocall-und-hmt-1\/EVOCALL-Titelbild.jpg\"\n               title=\"Videoassistenz per Datenbrille\"\n               data-src=\"https:\/\/www.evolaris.net\/wp-content\/gallery\/evocall-und-hmt-1\/EVOCALL-Titelbild.jpg\"\n               data-thumbnail=\"https:\/\/www.evolaris.net\/wp-content\/gallery\/evocall-und-hmt-1\/thumbs\/thumbs_EVOCALL-Titelbild.jpg\"\n               data-image-id=\"31\"\n               data-title=\"EVOCALL: Videoassistenz per Datenbrille\"\n               data-description=\"Videoassistenz per Datenbrille\"\n               data-image-slug=\"evocall-titelbild-3\"\n               class=\"ngg-fancybox\" rel=\"72b59f742a0c569c560cf220fa15c0de\">\n                <img\n                    title=\"EVOCALL: Videoassistenz per Datenbrille\"\n                    alt=\"EVOCALL: Videoassistenz per Datenbrille\"\n                    src=\"https:\/\/www.evolaris.net\/wp-content\/gallery\/evocall-und-hmt-1\/thumbs\/thumbs_EVOCALL-Titelbild.jpg\"\n                    width=\"240\"\n                    height=\"160\"\n                    style=\"max-width:100%;\"\n                \/>\n            <\/a>\n        <\/div>\n\t\t\t\t\t\t\t<\/div> \n\t\t\t\n        \n\t\t\t\t<div id=\"ngg-image-5\" class=\"ngg-gallery-thumbnail-box\" >\n\t\t\t\t        <div class=\"ngg-gallery-thumbnail\">\n            <a href=\"https:\/\/www.evolaris.net\/wp-content\/gallery\/evocall-und-hmt-1\/EVOCALL-Web.png\"\n               title=\"Der Experte kann aus der Ferne den Prozess anleiten und so den Mitarbeiter vor Ort unterst\u00fctzen.\"\n               data-src=\"https:\/\/www.evolaris.net\/wp-content\/gallery\/evocall-und-hmt-1\/EVOCALL-Web.png\"\n               data-thumbnail=\"https:\/\/www.evolaris.net\/wp-content\/gallery\/evocall-und-hmt-1\/thumbs\/thumbs_EVOCALL-Web.png\"\n               data-image-id=\"32\"\n               data-title=\"EVOCALL Web\"\n               data-description=\"Der Experte kann aus der Ferne den Prozess anleiten und so den Mitarbeiter vor Ort unterst\u00fctzen.\"\n               data-image-slug=\"evocall-web\"\n               class=\"ngg-fancybox\" rel=\"72b59f742a0c569c560cf220fa15c0de\">\n                <img\n                    title=\"EVOCALL Web\"\n                    alt=\"EVOCALL Web\"\n                    src=\"https:\/\/www.evolaris.net\/wp-content\/gallery\/evocall-und-hmt-1\/thumbs\/thumbs_EVOCALL-Web.png\"\n                    width=\"240\"\n                    height=\"160\"\n                    style=\"max-width:100%;\"\n                \/>\n            <\/a>\n        <\/div>\n\t\t\t\t\t\t\t<\/div> \n\t\t\t\n        \n\t\t\t\t<div id=\"ngg-image-6\" class=\"ngg-gallery-thumbnail-box\" >\n\t\t\t\t        <div class=\"ngg-gallery-thumbnail\">\n            <a href=\"https:\/\/www.evolaris.net\/wp-content\/gallery\/evocall-und-hmt-1\/EVOVCALL-Logo.png\"\n               title=\"\"\n               data-src=\"https:\/\/www.evolaris.net\/wp-content\/gallery\/evocall-und-hmt-1\/EVOVCALL-Logo.png\"\n               data-thumbnail=\"https:\/\/www.evolaris.net\/wp-content\/gallery\/evocall-und-hmt-1\/thumbs\/thumbs_EVOVCALL-Logo.png\"\n               data-image-id=\"33\"\n               data-title=\"EVOVCALL Logo\"\n               data-description=\"\"\n               data-image-slug=\"evovcall-logo\"\n               class=\"ngg-fancybox\" rel=\"72b59f742a0c569c560cf220fa15c0de\">\n                <img\n                    title=\"EVOVCALL Logo\"\n                    alt=\"EVOVCALL Logo\"\n                    src=\"https:\/\/www.evolaris.net\/wp-content\/gallery\/evocall-und-hmt-1\/thumbs\/thumbs_EVOVCALL-Logo.png\"\n                    width=\"240\"\n                    height=\"160\"\n                    style=\"max-width:100%;\"\n                \/>\n            <\/a>\n        <\/div>\n\t\t\t\t\t\t\t<\/div> \n\t\t\t\n        \n\t\t\n\t\t<!-- Pagination -->\n\t<div class='ngg-clear'><\/div>\t<\/div>\n\n","protected":false},"excerpt":{"rendered":"","protected":false},"author":2,"featured_media":0,"parent":0,"menu_order":2,"comment_status":"closed","ping_status":"closed","template":"","meta":{"ngg_post_thumbnail":0},"_links":{"self":[{"href":"https:\/\/www.evolaris.net\/de\/wp-json\/wp\/v2\/pages\/1120"}],"collection":[{"href":"https:\/\/www.evolaris.net\/de\/wp-json\/wp\/v2\/pages"}],"about":[{"href":"https:\/\/www.evolaris.net\/de\/wp-json\/wp\/v2\/types\/page"}],"author":[{"embeddable":true,"href":"https:\/\/www.evolaris.net\/de\/wp-json\/wp\/v2\/users\/2"}],"replies":[{"embeddable":true,"href":"https:\/\/www.evolaris.net\/de\/wp-json\/wp\/v2\/comments?post=1120"}],"version-history":[{"count":0,"href":"https:\/\/www.evolaris.net\/de\/wp-json\/wp\/v2\/pages\/1120\/revisions"}],"wp:attachment":[{"href":"https:\/\/www.evolaris.net\/de\/wp-json\/wp\/v2\/media?parent=1120"}],"curies":[{"name":"wp","href":"https:\/\/api.w.org\/{rel}","templated":true}]}}